{"id":56,"date":"2021-01-30T00:00:14","date_gmt":"2021-01-30T02:00:14","guid":{"rendered":"http:\/\/cdsid.org.br\/nsid\/?page_id=56"},"modified":"2023-05-02T16:42:03","modified_gmt":"2023-05-02T19:42:03","slug":"quem-somos","status":"publish","type":"page","link":"http:\/\/cdsid.org.br\/nsid\/quem-somos\/","title":{"rendered":"Quem somos"},"content":{"rendered":"\t\t<div data-elementor-type=\"wp-page\" data-elementor-id=\"56\" class=\"elementor elementor-56\">\n\t\t\t\t\t\t<section class=\"elementor-section elementor-top-section elementor-element elementor-element-5ebef9fc elementor-section-boxed elementor-section-height-default elementor-section-height-default\" data-id=\"5ebef9fc\" data-element_type=\"section\" data-e-type=\"section\">\n\t\t\t\t\t\t<div class=\"elementor-container elementor-column-gap-default\">\n\t\t\t\t\t<div class=\"elementor-column elementor-col-100 elementor-top-column elementor-element elementor-element-7f95a47a\" data-id=\"7f95a47a\" data-element_type=\"column\" data-e-type=\"column\">\n\t\t\t<div class=\"elementor-widget-wrap elementor-element-populated\">\n\t\t\t\t\t\t<div class=\"elementor-element elementor-element-559cb99 elementor-align-left elementor-widget elementor-widget-elementskit-button\" data-id=\"559cb99\" data-element_type=\"widget\" data-e-type=\"widget\" data-widget_type=\"elementskit-button.default\">\n\t\t\t\t<div class=\"elementor-widget-container\">\n\t\t\t\t\t<div class=\"ekit-wid-con\" >\t\t<div class=\"ekit-btn-wraper\">\n\t\t\t\t\t\t\t<a href=\"http:\/\/cdsid.org.br\/nsid\/\" class=\"elementskit-btn  whitespace--normal\" id=\"\">\n\t\t\t\t\t<i class=\"fas fa-arrow-left\"><\/i>Voltar\t\t\t\t<\/a>\n\t\t\t\t\t<\/div>\n        <\/div>\t\t\t\t<\/div>\n\t\t\t\t<\/div>\n\t\t\t\t<div class=\"elementor-element elementor-element-48cc7585 elementor-widget elementor-widget-text-editor\" data-id=\"48cc7585\" data-element_type=\"widget\" data-e-type=\"widget\" data-widget_type=\"text-editor.default\">\n\t\t\t\t<div class=\"elementor-widget-container\">\n\t\t\t\t\t\t\t\t\t\n<p>O NSID (Laboratory for Neuroscience and Behavioral Studies in Decision) \u00e9 um laborat\u00f3rio vinculado ao Centro de Desenvolvimento em Sistemas de Informa\u00e7\u00e3o e Decis\u00e3o (CDSID) e est\u00e1 localizado nas depend\u00eancias do Departamento de Engenharia de Produ\u00e7\u00e3o (DEP) da Universidade Federal de Pernambuco (UFPE). O NSID tem abrang\u00eancia multiusu\u00e1ria, atendendo a v\u00e1rios grupos de pesquisa, seja do DEP, de outros Departamentos da UFPE. O NSID tem v\u00ednculo com v\u00e1rios Programas de P\u00f3s-Gradua\u00e7\u00e3o, especialmente o PPGEP \u2013 UFPE (Programa de P\u00f3s-Gradua\u00e7\u00e3o em Engenharia de Produ\u00e7\u00e3o da UFPE), que tem conceito 7 pela CAPES.<\/p>\n\n<p>No NSID s\u00e3o desenvolvidas pesquisas avan\u00e7adas nas \u00e1reas de apoio a decis\u00e3o e negocia\u00e7\u00e3o, integrando informa\u00e7\u00f5es comportamentais dos decisores e os modelos matem\u00e1ticos de apoio a tomada de decis\u00e3o. Para tanto, esses estudos s\u00e3o suportados por ferramentas, t\u00e9cnicas e m\u00e9todos de neuroci\u00eancia. Por meio da utiliza\u00e7\u00e3o das medidas psicofisiol\u00f3gicas, busca-se explica\u00e7\u00f5es \u2013 e suas implica\u00e7\u00f5es \u2013 sobre diversos aspectos comportamentais percebidos nos processos de tomada decis\u00e3o e de negocia\u00e7\u00e3o.<\/p>\n\n<div class=\"wp-block-image\">\n<figure class=\"aligncenter\"><img fetchpriority=\"high\" decoding=\"async\" class=\"alignnone size-full wp-image-583\" src=\"http:\/\/cdsid.org.br\/nsid\/wp-content\/uploads\/2021\/02\/nsid-figura.jpg\" alt=\"\" width=\"1028\" height=\"582\" srcset=\"http:\/\/cdsid.org.br\/nsid\/wp-content\/uploads\/2021\/02\/nsid-figura.jpg 1028w, http:\/\/cdsid.org.br\/nsid\/wp-content\/uploads\/2021\/02\/nsid-figura-300x170.jpg 300w, http:\/\/cdsid.org.br\/nsid\/wp-content\/uploads\/2021\/02\/nsid-figura-1024x580.jpg 1024w, http:\/\/cdsid.org.br\/nsid\/wp-content\/uploads\/2021\/02\/nsid-figura-768x435.jpg 768w\" sizes=\"(max-width: 1028px) 100vw, 1028px\" \/><\/figure>\n<\/div>\n\n<p>O processo de decis\u00e3o tem como caracter\u00edstica ser multiest\u00e1gio. Ao tratar de problemas complexos e relevantes nas mais diversas \u00e1reas do conhecimento, essa tomada de decis\u00e3o requer a sele\u00e7\u00e3o e o uso adequados de variados m\u00e9todos e t\u00e9cnicas de apoio ao processo decis\u00f3rio. Problemas esses que envolvem pelo menos duas alternativas de a\u00e7\u00e3o que atendem a m\u00faltiplos objetivos e crit\u00e9rios, muitas vezes conflitantes entre si.<\/p>\n\n<p>No NSID, diferentes caracter\u00edsticas dos m\u00e9todos de\u00a0tomada de decis\u00e3o multicrit\u00e9rio, negocia\u00e7\u00e3o e decis\u00e3o em grupo existentes na literatura est\u00e3o sendo estudados.\u00a0 Os m\u00e9todos para a tomada de decis\u00e3o multicrit\u00e9rio s\u00e3o utilizados com o objetivo de elucidar o processo de escolha, classifica\u00e7\u00e3o ou ordena\u00e7\u00e3o das potenciais a\u00e7\u00f5es, agregando m\u00faltiplos aspectos ao contexto de decis\u00e3o. Nesse sentido, face a complexidade do entendimento e avalia\u00e7\u00e3o do problema, ferramentas computacionais s\u00e3o requeridas com o intuito de auxiliar o processo decis\u00f3rio.\u00a0Por outro lado, os aspectos ligados as problem\u00e1ticas de negocia\u00e7\u00e3o visam auxiliar\u00a0 que duas ou mais partes envolvidas possam alcan\u00e7ar seus objetivos com uma negocia\u00e7\u00e3o, atrav\u00e9s de um acordo nas situa\u00e7\u00f5es em que existam interesses comuns, por\u00e9m conflitantes. A negocia\u00e7\u00e3o \u00e9 a abordagem chave de uma tomada de decis\u00e3o para que se possa chegar a um consenso sempre que uma pessoa, organiza\u00e7\u00e3o ou outra entidade n\u00e3o consegue atingir os seus objetivos de forma unilateral.<\/p>\n\n<p>Para se ter uma ideia da linha de trabalho principal do NSID e de seu impacto, cita-se a seguir o Editorial da edi\u00e7\u00e3o do Annals of Operations Research sobre trabalho desenvolvido no NSID (Roselli et al, 2020):\u00a0<em>\u201cTo help facilitate rational decision-making, many formal mathematical methods and models have been developed. Nonetheless, an application of such methods can artificially bias decisions, because these approaches cannot capture the real cognitive process performed by the decision maker. As a result, model generated solutions may incorrectly represent the natural choices of a person. Roselli, de Sousa Pereira, de Lima da Silva, de Almeida, Morais and Costa employ two inexpensive and non-invasive neuroscience methods, namely EEG and eye-tracking, to inform a decision support system whether a person is fully engaged and motivated. It is an interesting direction for the development of effective decision support systems because it allows optimizing not only the decision but also the engagement and attention of the decision maker. This paper indicates that modern mathematical approaches may, and probably should, be extended to account for behavior as well as emotional and cognitive states of the decision maker\u201d.<\/em><\/p>\n\n<div id=\"wp-block-themeisle-blocks-advanced-columns-92c7ce0d\" class=\"wp-block-themeisle-blocks-advanced-columns has-undefined-columns has-desktop-undefined-layout has-tablet-equal-layout has-mobile-equal-layout has-default-gap has-vertical-unset\">\n<div class=\"wp-block-themeisle-blocks-advanced-columns-overlay\">\u00a0<\/div>\n<div class=\"innerblocks-wrap\">\u00a0<\/div>\n<\/div>\n\t\t\t\t\t\t\t\t<\/div>\n\t\t\t\t<\/div>\n\t\t\t\t\t<\/div>\n\t\t<\/div>\n\t\t\t\t\t<\/div>\n\t\t<\/section>\n\t\t\t\t<\/div>\n\t\t","protected":false},"excerpt":{"rendered":"<p>Voltar O NSID (Laboratory for Neuroscience and Behavioral Studies in Decision) \u00e9 um laborat\u00f3rio vinculado ao Centro de Desenvolvimento em Sistemas de Informa\u00e7\u00e3o e Decis\u00e3o (CDSID) e est\u00e1 localizado nas depend\u00eancias do Departamento de Engenharia de Produ\u00e7\u00e3o (DEP) da Universidade Federal de Pernambuco (UFPE). O NSID tem abrang\u00eancia multiusu\u00e1ria, atendendo a v\u00e1rios grupos de pesquisa,&hellip;&nbsp;<a href=\"http:\/\/cdsid.org.br\/nsid\/quem-somos\/\" rel=\"bookmark\">Continue a ler &raquo;<span class=\"screen-reader-text\">Quem somos<\/span><\/a><\/p>\n","protected":false},"author":2,"featured_media":0,"parent":0,"menu_order":0,"comment_status":"closed","ping_status":"closed","template":"","meta":{"neve_meta_sidebar":"","neve_meta_container":"","neve_meta_enable_content_width":"","neve_meta_content_width":0,"neve_meta_title_alignment":"","neve_meta_author_avatar":"","neve_post_elements_order":"","neve_meta_disable_header":"","neve_meta_disable_footer":"","neve_meta_disable_title":"","footnotes":""},"class_list":["post-56","page","type-page","status-publish","hentry"],"_links":{"self":[{"href":"http:\/\/cdsid.org.br\/nsid\/wp-json\/wp\/v2\/pages\/56","targetHints":{"allow":["GET"]}}],"collection":[{"href":"http:\/\/cdsid.org.br\/nsid\/wp-json\/wp\/v2\/pages"}],"about":[{"href":"http:\/\/cdsid.org.br\/nsid\/wp-json\/wp\/v2\/types\/page"}],"author":[{"embeddable":true,"href":"http:\/\/cdsid.org.br\/nsid\/wp-json\/wp\/v2\/users\/2"}],"replies":[{"embeddable":true,"href":"http:\/\/cdsid.org.br\/nsid\/wp-json\/wp\/v2\/comments?post=56"}],"version-history":[{"count":27,"href":"http:\/\/cdsid.org.br\/nsid\/wp-json\/wp\/v2\/pages\/56\/revisions"}],"predecessor-version":[{"id":839,"href":"http:\/\/cdsid.org.br\/nsid\/wp-json\/wp\/v2\/pages\/56\/revisions\/839"}],"wp:attachment":[{"href":"http:\/\/cdsid.org.br\/nsid\/wp-json\/wp\/v2\/media?parent=56"}],"curies":[{"name":"wp","href":"https:\/\/api.w.org\/{rel}","templated":true}]}}