{"id":683,"date":"2021-09-17T21:37:00","date_gmt":"2021-09-18T00:37:00","guid":{"rendered":"http:\/\/cdsid.org.br\/nsid\/?page_id=683"},"modified":"2023-05-02T16:47:41","modified_gmt":"2023-05-02T19:47:41","slug":"contato","status":"publish","type":"page","link":"http:\/\/cdsid.org.br\/nsid\/contato\/","title":{"rendered":"Contato"},"content":{"rendered":"\t\t<div data-elementor-type=\"wp-page\" data-elementor-id=\"683\" class=\"elementor elementor-683\">\n\t\t\t\t\t\t<section class=\"elementor-section elementor-top-section elementor-element elementor-element-a093ca4 elementor-section-boxed elementor-section-height-default elementor-section-height-default\" data-id=\"a093ca4\" data-element_type=\"section\" data-e-type=\"section\">\n\t\t\t\t\t\t<div class=\"elementor-container elementor-column-gap-default\">\n\t\t\t\t\t<div class=\"elementor-column elementor-col-100 elementor-top-column elementor-element elementor-element-4189a98\" data-id=\"4189a98\" data-element_type=\"column\" data-e-type=\"column\">\n\t\t\t<div class=\"elementor-widget-wrap elementor-element-populated\">\n\t\t\t\t\t\t<div class=\"elementor-element elementor-element-cb4153c elementor-align-left elementor-widget elementor-widget-elementskit-button\" data-id=\"cb4153c\" data-element_type=\"widget\" data-e-type=\"widget\" data-widget_type=\"elementskit-button.default\">\n\t\t\t\t<div class=\"elementor-widget-container\">\n\t\t\t\t\t<div class=\"ekit-wid-con\" >\t\t<div class=\"ekit-btn-wraper\">\n\t\t\t\t\t\t\t<a href=\"http:\/\/cdsid.org.br\/nsid\/\" class=\"elementskit-btn  whitespace--normal\" id=\"\">\n\t\t\t\t\t<i class=\"fas fa-arrow-left\"><\/i>Voltar\t\t\t\t<\/a>\n\t\t\t\t\t<\/div>\n        <\/div>\t\t\t\t<\/div>\n\t\t\t\t<\/div>\n\t\t\t\t\t<\/div>\n\t\t<\/div>\n\t\t\t\t\t<\/div>\n\t\t<\/section>\n\t\t\t\t<section class=\"elementor-section elementor-top-section elementor-element elementor-element-789a5248 elementor-section-boxed elementor-section-height-default elementor-section-height-default\" data-id=\"789a5248\" data-element_type=\"section\" data-e-type=\"section\">\n\t\t\t\t\t\t<div class=\"elementor-container elementor-column-gap-default\">\n\t\t\t\t\t<div class=\"elementor-column elementor-col-100 elementor-top-column elementor-element elementor-element-19980397\" data-id=\"19980397\" data-element_type=\"column\" data-e-type=\"column\">\n\t\t\t<div class=\"elementor-widget-wrap elementor-element-populated\">\n\t\t\t\t\t\t<div class=\"elementor-element elementor-element-4d3c159e elementor-widget elementor-widget-text-editor\" data-id=\"4d3c159e\" data-element_type=\"widget\" data-e-type=\"widget\" data-widget_type=\"text-editor.default\">\n\t\t\t\t<div class=\"elementor-widget-container\">\n\t\t\t\t\t\t\t\t\t\n<p><strong>NSID \u2013 Laboratory for Neuroscience and Behavioral Studies in Decision<\/strong><br \/>Universidade Federal de Pernambuco<br \/>Centro de Tecnologia e Geoci\u00eancia<br \/>Departamento de Engenharia de Produ\u00e7\u00e3o<br \/>Av. da Arquitetura, s\/n<br \/>5\u00ba andar do Bloco Administrativo do CTG<br \/>Cidade Universit\u00e1ria, Recife &#8211; PE, 50740-550<\/p>\n\n<p><strong>Email:<\/strong> secnsid@cdsid.org.br<\/p>\n\n<p><strong>O fluxo para submiss\u00e3o de pedido para uso do laborat\u00f3rio:<\/strong><br \/>a)Pesquisador deve solicitar a aprecia\u00e7\u00e3o de sua proposta de pesquisa pelo Comit\u00ea Deliberativo do NSID. Esse pedido deve ser feito atrav\u00e9s do e-mail sec@cdsid.org.br.<br \/>Em formul\u00e1rio pr\u00f3prio, dispon\u00edvel sob consulta \u00e0 Secretaria do NSID pelo e-mail citado. Para a aprecia\u00e7\u00e3o do pedido n\u00e3o se faz necess\u00e1rio acrescentar a autoriza\u00e7\u00e3o do comit\u00ea de \u00e9tica.<br \/>b) Em caso de aprova\u00e7\u00e3o pelo Comit\u00ea Deliberativo, o solicitante ser\u00e1 notificado e dever\u00e1 ent\u00e3o proceder pedido de aprova\u00e7\u00e3o ao Comit\u00ea de \u00c9tica em Pesquisa da UFPE, atentando a todas as exig\u00eancias deste comit\u00ea. Caso seja de interesse do coordenador do projeto, poder\u00e1 ser cedido um espa\u00e7o de estudo e treinamento para os estudantes vinculados ao projeto, sabendo que nenhum experimento poder\u00e1 ser realizado sem a devida comprova\u00e7\u00e3o de aprova\u00e7\u00e3o pelo Comit\u00ea de \u00c9tica em Pesquisa da UFPE.<br \/>c) Com a aprova\u00e7\u00e3o pelo Comit\u00ea de \u00c9tica, o Coordenador do projeto solicita a reserva dos recursos ao Coordenador do laborat\u00f3rio. A solicita\u00e7\u00e3o \u00e9 feita por formul\u00e1rio pr\u00f3prio dispon\u00edvel na base interna de documentos do NSID.<\/p>\n\t\t\t\t\t\t\t\t<\/div>\n\t\t\t\t<\/div>\n\t\t\t\t\t<\/div>\n\t\t<\/div>\n\t\t\t\t\t<\/div>\n\t\t<\/section>\n\t\t\t\t<\/div>\n\t\t","protected":false},"excerpt":{"rendered":"<p>Voltar NSID \u2013 Laboratory for Neuroscience and Behavioral Studies in DecisionUniversidade Federal de PernambucoCentro de Tecnologia e Geoci\u00eanciaDepartamento de Engenharia de Produ\u00e7\u00e3oAv. da Arquitetura, s\/n5\u00ba andar do Bloco Administrativo do CTGCidade Universit\u00e1ria, Recife &#8211; PE, 50740-550 Email: secnsid@cdsid.org.br O fluxo para submiss\u00e3o de pedido para uso do laborat\u00f3rio:a)Pesquisador deve solicitar a aprecia\u00e7\u00e3o de sua proposta&hellip;&nbsp;<a href=\"http:\/\/cdsid.org.br\/nsid\/contato\/\" rel=\"bookmark\">Continue a ler &raquo;<span class=\"screen-reader-text\">Contato<\/span><\/a><\/p>\n","protected":false},"author":2,"featured_media":0,"parent":0,"menu_order":0,"comment_status":"closed","ping_status":"closed","template":"","meta":{"neve_meta_sidebar":"full-width","neve_meta_container":"","neve_meta_enable_content_width":"on","neve_meta_content_width":100,"neve_meta_title_alignment":"","neve_meta_author_avatar":"","neve_post_elements_order":"","neve_meta_disable_header":"","neve_meta_disable_footer":"","neve_meta_disable_title":"","footnotes":""},"class_list":["post-683","page","type-page","status-publish","hentry"],"_links":{"self":[{"href":"http:\/\/cdsid.org.br\/nsid\/wp-json\/wp\/v2\/pages\/683","targetHints":{"allow":["GET"]}}],"collection":[{"href":"http:\/\/cdsid.org.br\/nsid\/wp-json\/wp\/v2\/pages"}],"about":[{"href":"http:\/\/cdsid.org.br\/nsid\/wp-json\/wp\/v2\/types\/page"}],"author":[{"embeddable":true,"href":"http:\/\/cdsid.org.br\/nsid\/wp-json\/wp\/v2\/users\/2"}],"replies":[{"embeddable":true,"href":"http:\/\/cdsid.org.br\/nsid\/wp-json\/wp\/v2\/comments?post=683"}],"version-history":[{"count":10,"href":"http:\/\/cdsid.org.br\/nsid\/wp-json\/wp\/v2\/pages\/683\/revisions"}],"predecessor-version":[{"id":857,"href":"http:\/\/cdsid.org.br\/nsid\/wp-json\/wp\/v2\/pages\/683\/revisions\/857"}],"wp:attachment":[{"href":"http:\/\/cdsid.org.br\/nsid\/wp-json\/wp\/v2\/media?parent=683"}],"curies":[{"name":"wp","href":"https:\/\/api.w.org\/{rel}","templated":true}]}}